{"id":3910,"date":"2026-04-12T17:00:48","date_gmt":"2026-04-12T17:00:48","guid":{"rendered":"https:\/\/www.transformandomicasa.com\/?post_type=product&#038;p=3910"},"modified":"2026-04-16T09:46:46","modified_gmt":"2026-04-16T09:46:46","slug":"vellas-decorativas","status":"publish","type":"product","link":"https:\/\/www.transformandomicasa.com\/es\/producto\/vellas-decorativas\/","title":{"rendered":"NUBE MONOI"},"content":{"rendered":"<p>AROMA : Monoi<\/p>\n<p>Vela arom\u00e1tica con fragancia a monoi: una mezcla c\u00e1lida, ex\u00f3tica y envolvente que recuerda a flores de tiar\u00e9 maceradas en aceite de coco. Su aroma transporta a playas paradis\u00edacas, tardes de verano y momentos de calma absoluta. Dulce, cremosa y elegante, llena cualquier espacio de sensaci\u00f3n tropical, bienestar y sofisticaci\u00f3n. Perfecta para crear un ambiente relajante y acogedor en casa.<\/p>","protected":false},"excerpt":{"rendered":"<p>AROMA : Monoi Vela arom\u00e1tica con fragancia a monoi: una mezcla c\u00e1lida, ex\u00f3tica y envolvente que recuerda a flores de tiar\u00e9 maceradas en aceite de coco. Su aroma transporta a playas paradis\u00edacas, tardes de verano y momentos de calma absoluta. Dulce, cremosa y elegante, llena cualquier espacio de sensaci\u00f3n tropical, bienestar y sofisticaci\u00f3n. Perfecta para &hellip;<\/p>\n<p class=\"read-more\"> <a class=\"thunk-readmore button\" href=\"https:\/\/www.transformandomicasa.com\/es\/producto\/vellas-decorativas\/\"> <span class=\"screen-reader-text\">NUBE MONOI<\/span>Leer m\u00e1s<\/a><\/p>","protected":false},"featured_media":3962,"template":"","meta":[],"product_brand":[],"product_cat":[123],"product_tag":[],"class_list":{"0":"post-3910","1":"product","2":"type-product","3":"status-publish","4":"has-post-thumbnail","6":"product_cat-velas-decorativas","7":"thunk-woo-product-list","8":"opn-qv-enable","9":"big-store-woo-hover-zoom","10":"open-single-product-tab-horizontal","11":"open-shadow-","12":"open-shadow-hover-","14":"first","15":"instock","16":"shipping-taxable","17":"purchasable","18":"product-type-simple"},"yoast_head":"<!-- This site is optimized with the Yoast SEO plugin v27.3 - https:\/\/yoast.com\/product\/yoast-seo-wordpress\/ -->\n<title>NUBE MONOI - Transformando mi casa<\/title>\n<meta name=\"robots\" content=\"index, follow, max-snippet:-1, max-image-preview:large, max-video-preview:-1\" \/>\n<link rel=\"canonical\" href=\"https:\/\/www.transformandomicasa.com\/es\/producto\/vellas-decorativas\/\" \/>\n<meta property=\"og:locale\" content=\"es_ES\" \/>\n<meta property=\"og:type\" content=\"article\" \/>\n<meta property=\"og:title\" content=\"NUBE MONOI - Transformando mi casa\" \/>\n<meta property=\"og:description\" content=\"AROMA : Monoi Vela arom\u00e1tica con fragancia a monoi: una mezcla c\u00e1lida, ex\u00f3tica y envolvente que recuerda a flores de tiar\u00e9 maceradas en aceite de coco. Su aroma transporta a playas paradis\u00edacas, tardes de verano y momentos de calma absoluta. Dulce, cremosa y elegante, llena cualquier espacio de sensaci\u00f3n tropical, bienestar y sofisticaci\u00f3n. Perfecta para &hellip; NUBE MONOILeer m\u00e1s\" \/>\n<meta property=\"og:url\" content=\"https:\/\/www.transformandomicasa.com\/es\/producto\/vellas-decorativas\/\" \/>\n<meta property=\"og:site_name\" content=\"Transformando mi casa\" \/>\n<meta property=\"article:modified_time\" content=\"2026-04-16T09:46:46+00:00\" \/>\n<meta property=\"og:image\" content=\"https:\/\/www.transformandomicasa.com\/wp-content\/uploads\/2026\/03\/prueba_tamano1.png\" \/>\n\t<meta property=\"og:image:width\" content=\"450\" \/>\n\t<meta property=\"og:image:height\" content=\"750\" \/>\n\t<meta property=\"og:image:type\" content=\"image\/png\" \/>\n<meta name=\"twitter:card\" content=\"summary_large_image\" \/>\n<meta name=\"twitter:label1\" content=\"Tiempo de lectura\" \/>\n\t<meta name=\"twitter:data1\" content=\"1 minuto\" \/>\n<script type=\"application\/ld+json\" class=\"yoast-schema-graph\">{\"@context\":\"https:\\\/\\\/schema.org\",\"@graph\":[{\"@type\":\"WebPage\",\"@id\":\"https:\\\/\\\/www.transformandomicasa.com\\\/producto\\\/vellas-decorativas\\\/\",\"url\":\"https:\\\/\\\/www.transformandomicasa.com\\\/producto\\\/vellas-decorativas\\\/\",\"name\":\"NUBE MONOI - Transformando mi casa\",\"isPartOf\":{\"@id\":\"https:\\\/\\\/www.transformandomicasa.com\\\/#website\"},\"primaryImageOfPage\":{\"@id\":\"https:\\\/\\\/www.transformandomicasa.com\\\/producto\\\/vellas-decorativas\\\/#primaryimage\"},\"image\":{\"@id\":\"https:\\\/\\\/www.transformandomicasa.com\\\/producto\\\/vellas-decorativas\\\/#primaryimage\"},\"thumbnailUrl\":\"https:\\\/\\\/www.transformandomicasa.com\\\/wp-content\\\/uploads\\\/2026\\\/03\\\/prueba_tamano1.png\",\"datePublished\":\"2026-04-12T17:00:48+00:00\",\"dateModified\":\"2026-04-16T09:46:46+00:00\",\"breadcrumb\":{\"@id\":\"https:\\\/\\\/www.transformandomicasa.com\\\/producto\\\/vellas-decorativas\\\/#breadcrumb\"},\"inLanguage\":\"es\",\"potentialAction\":[{\"@type\":\"ReadAction\",\"target\":[\"https:\\\/\\\/www.transformandomicasa.com\\\/producto\\\/vellas-decorativas\\\/\"]}]},{\"@type\":\"ImageObject\",\"inLanguage\":\"es\",\"@id\":\"https:\\\/\\\/www.transformandomicasa.com\\\/producto\\\/vellas-decorativas\\\/#primaryimage\",\"url\":\"https:\\\/\\\/www.transformandomicasa.com\\\/wp-content\\\/uploads\\\/2026\\\/03\\\/prueba_tamano1.png\",\"contentUrl\":\"https:\\\/\\\/www.transformandomicasa.com\\\/wp-content\\\/uploads\\\/2026\\\/03\\\/prueba_tamano1.png\",\"width\":450,\"height\":750},{\"@type\":\"BreadcrumbList\",\"@id\":\"https:\\\/\\\/www.transformandomicasa.com\\\/producto\\\/vellas-decorativas\\\/#breadcrumb\",\"itemListElement\":[{\"@type\":\"ListItem\",\"position\":1,\"name\":\"Portada\",\"item\":\"https:\\\/\\\/www.transformandomicasa.com\\\/\"},{\"@type\":\"ListItem\",\"position\":2,\"name\":\"Tienda\",\"item\":\"https:\\\/\\\/www.transformandomicasa.com\\\/tienda\\\/\"},{\"@type\":\"ListItem\",\"position\":3,\"name\":\"NUBE MONOI\"}]},{\"@type\":\"WebSite\",\"@id\":\"https:\\\/\\\/www.transformandomicasa.com\\\/#website\",\"url\":\"https:\\\/\\\/www.transformandomicasa.com\\\/\",\"name\":\"Transformando mi casa\",\"description\":\"Tienda Online Velas Arom\u00e1ticas\",\"publisher\":{\"@id\":\"https:\\\/\\\/www.transformandomicasa.com\\\/#organization\"},\"potentialAction\":[{\"@type\":\"SearchAction\",\"target\":{\"@type\":\"EntryPoint\",\"urlTemplate\":\"https:\\\/\\\/www.transformandomicasa.com\\\/?s={search_term_string}\"},\"query-input\":{\"@type\":\"PropertyValueSpecification\",\"valueRequired\":true,\"valueName\":\"search_term_string\"}}],\"inLanguage\":\"es\"},{\"@type\":\"Organization\",\"@id\":\"https:\\\/\\\/www.transformandomicasa.com\\\/#organization\",\"name\":\"Transformando mi casa\",\"url\":\"https:\\\/\\\/www.transformandomicasa.com\\\/\",\"logo\":{\"@type\":\"ImageObject\",\"inLanguage\":\"es\",\"@id\":\"https:\\\/\\\/www.transformandomicasa.com\\\/#\\\/schema\\\/logo\\\/image\\\/\",\"url\":\"\",\"contentUrl\":\"\",\"caption\":\"Transformando mi casa\"},\"image\":{\"@id\":\"https:\\\/\\\/www.transformandomicasa.com\\\/#\\\/schema\\\/logo\\\/image\\\/\"}}]}<\/script>\n<!-- \/ Yoast SEO plugin. -->","yoast_head_json":{"title":"NUBE MONOI - Transformando mi casa","robots":{"index":"index","follow":"follow","max-snippet":"max-snippet:-1","max-image-preview":"max-image-preview:large","max-video-preview":"max-video-preview:-1"},"canonical":"https:\/\/www.transformandomicasa.com\/es\/producto\/vellas-decorativas\/","og_locale":"es_ES","og_type":"article","og_title":"NUBE MONOI - Transformando mi casa","og_description":"AROMA : Monoi Vela arom\u00e1tica con fragancia a monoi: una mezcla c\u00e1lida, ex\u00f3tica y envolvente que recuerda a flores de tiar\u00e9 maceradas en aceite de coco. Su aroma transporta a playas paradis\u00edacas, tardes de verano y momentos de calma absoluta. Dulce, cremosa y elegante, llena cualquier espacio de sensaci\u00f3n tropical, bienestar y sofisticaci\u00f3n. Perfecta para &hellip; NUBE MONOILeer m\u00e1s","og_url":"https:\/\/www.transformandomicasa.com\/es\/producto\/vellas-decorativas\/","og_site_name":"Transformando mi casa","article_modified_time":"2026-04-16T09:46:46+00:00","og_image":[{"width":450,"height":750,"url":"https:\/\/www.transformandomicasa.com\/wp-content\/uploads\/2026\/03\/prueba_tamano1.png","type":"image\/png"}],"twitter_card":"summary_large_image","twitter_misc":{"Tiempo de lectura":"1 minuto"},"schema":{"@context":"https:\/\/schema.org","@graph":[{"@type":"WebPage","@id":"https:\/\/www.transformandomicasa.com\/producto\/vellas-decorativas\/","url":"https:\/\/www.transformandomicasa.com\/producto\/vellas-decorativas\/","name":"NUBE MONOI - Transformando mi casa","isPartOf":{"@id":"https:\/\/www.transformandomicasa.com\/#website"},"primaryImageOfPage":{"@id":"https:\/\/www.transformandomicasa.com\/producto\/vellas-decorativas\/#primaryimage"},"image":{"@id":"https:\/\/www.transformandomicasa.com\/producto\/vellas-decorativas\/#primaryimage"},"thumbnailUrl":"https:\/\/www.transformandomicasa.com\/wp-content\/uploads\/2026\/03\/prueba_tamano1.png","datePublished":"2026-04-12T17:00:48+00:00","dateModified":"2026-04-16T09:46:46+00:00","breadcrumb":{"@id":"https:\/\/www.transformandomicasa.com\/producto\/vellas-decorativas\/#breadcrumb"},"inLanguage":"es","potentialAction":[{"@type":"ReadAction","target":["https:\/\/www.transformandomicasa.com\/producto\/vellas-decorativas\/"]}]},{"@type":"ImageObject","inLanguage":"es","@id":"https:\/\/www.transformandomicasa.com\/producto\/vellas-decorativas\/#primaryimage","url":"https:\/\/www.transformandomicasa.com\/wp-content\/uploads\/2026\/03\/prueba_tamano1.png","contentUrl":"https:\/\/www.transformandomicasa.com\/wp-content\/uploads\/2026\/03\/prueba_tamano1.png","width":450,"height":750},{"@type":"BreadcrumbList","@id":"https:\/\/www.transformandomicasa.com\/producto\/vellas-decorativas\/#breadcrumb","itemListElement":[{"@type":"ListItem","position":1,"name":"Portada","item":"https:\/\/www.transformandomicasa.com\/"},{"@type":"ListItem","position":2,"name":"Tienda","item":"https:\/\/www.transformandomicasa.com\/tienda\/"},{"@type":"ListItem","position":3,"name":"NUBE MONOI"}]},{"@type":"WebSite","@id":"https:\/\/www.transformandomicasa.com\/#website","url":"https:\/\/www.transformandomicasa.com\/","name":"Transformando mi casa","description":"Tienda Online Velas Arom\u00e1ticas","publisher":{"@id":"https:\/\/www.transformandomicasa.com\/#organization"},"potentialAction":[{"@type":"SearchAction","target":{"@type":"EntryPoint","urlTemplate":"https:\/\/www.transformandomicasa.com\/?s={search_term_string}"},"query-input":{"@type":"PropertyValueSpecification","valueRequired":true,"valueName":"search_term_string"}}],"inLanguage":"es"},{"@type":"Organization","@id":"https:\/\/www.transformandomicasa.com\/#organization","name":"Transformando mi casa","url":"https:\/\/www.transformandomicasa.com\/","logo":{"@type":"ImageObject","inLanguage":"es","@id":"https:\/\/www.transformandomicasa.com\/#\/schema\/logo\/image\/","url":"","contentUrl":"","caption":"Transformando mi casa"},"image":{"@id":"https:\/\/www.transformandomicasa.com\/#\/schema\/logo\/image\/"}}]}},"_links":{"self":[{"href":"https:\/\/www.transformandomicasa.com\/es\/wp-json\/wp\/v2\/product\/3910","targetHints":{"allow":["GET"]}}],"collection":[{"href":"https:\/\/www.transformandomicasa.com\/es\/wp-json\/wp\/v2\/product"}],"about":[{"href":"https:\/\/www.transformandomicasa.com\/es\/wp-json\/wp\/v2\/types\/product"}],"wp:featuredmedia":[{"embeddable":true,"href":"https:\/\/www.transformandomicasa.com\/es\/wp-json\/wp\/v2\/media\/3962"}],"wp:attachment":[{"href":"https:\/\/www.transformandomicasa.com\/es\/wp-json\/wp\/v2\/media?parent=3910"}],"wp:term":[{"taxonomy":"product_brand","embeddable":true,"href":"https:\/\/www.transformandomicasa.com\/es\/wp-json\/wp\/v2\/product_brand?post=3910"},{"taxonomy":"product_cat","embeddable":true,"href":"https:\/\/www.transformandomicasa.com\/es\/wp-json\/wp\/v2\/product_cat?post=3910"},{"taxonomy":"product_tag","embeddable":true,"href":"https:\/\/www.transformandomicasa.com\/es\/wp-json\/wp\/v2\/product_tag?post=3910"}],"curies":[{"name":"wp","href":"https:\/\/api.w.org\/{rel}","templated":true}]}}