{"id":4007,"date":"2026-04-09T08:52:18","date_gmt":"2026-04-09T08:52:18","guid":{"rendered":"https:\/\/www.transformandomicasa.com\/?post_type=product&#038;p=4007"},"modified":"2026-04-16T10:02:25","modified_gmt":"2026-04-16T10:02:25","slug":"nombre-de-la-vela","status":"publish","type":"product","link":"https:\/\/www.transformandomicasa.com\/es\/producto\/nombre-de-la-vela\/","title":{"rendered":"PLACER"},"content":{"rendered":"<p><strong>AROMA<\/strong> : <strong>Fresa con Nata<\/strong><\/p>\n<p>Fragancia 100 % natural inspirada en la dulzura jugosa de las fresas maduras y la suavidad cremosa de la nata reci\u00e9n montada. Esta esencia combina notas altas afrutadas y frescas con un coraz\u00f3n dulce y envolvente, evocando sensaciones de alegr\u00eda, calidez y confort. Especialmente formulada para wax melts de cera de soja 100 % vegetal, ofrece una liberaci\u00f3n gradual y uniforme del aroma, perfumando el ambiente de forma constante. Ideal para llenar cualquier espacio de un aroma acogedor, delicioso y lleno de encanto.<\/p>\n<p>&nbsp;<\/p>","protected":false},"excerpt":{"rendered":"<p>AROMA : Fresa con Nata Fragancia 100 % natural inspirada en la dulzura jugosa de las fresas maduras y la suavidad cremosa de la nata reci\u00e9n montada. Esta esencia combina notas altas afrutadas y frescas con un coraz\u00f3n dulce y envolvente, evocando sensaciones de alegr\u00eda, calidez y confort. Especialmente formulada para wax melts de cera &hellip;<\/p>\n<p class=\"read-more\"> <a class=\"thunk-readmore button\" href=\"https:\/\/www.transformandomicasa.com\/es\/producto\/nombre-de-la-vela\/\"> <span class=\"screen-reader-text\">PLACER<\/span>Leer m\u00e1s<\/a><\/p>","protected":false},"featured_media":3959,"template":"","meta":[],"product_brand":[],"product_cat":[124],"product_tag":[],"class_list":{"0":"post-4007","1":"product","2":"type-product","3":"status-publish","4":"has-post-thumbnail","6":"product_cat-wax-melts","7":"thunk-woo-product-list","8":"opn-qv-enable","9":"big-store-woo-hover-zoom","10":"open-single-product-tab-horizontal","11":"open-shadow-","12":"open-shadow-hover-","14":"first","15":"instock","16":"shipping-taxable","17":"purchasable","18":"product-type-simple"},"yoast_head":"<!-- This site is optimized with the Yoast SEO plugin v27.3 - https:\/\/yoast.com\/product\/yoast-seo-wordpress\/ -->\n<title>PLACER - Transformando mi casa<\/title>\n<meta name=\"robots\" content=\"index, follow, max-snippet:-1, max-image-preview:large, max-video-preview:-1\" \/>\n<link rel=\"canonical\" href=\"https:\/\/www.transformandomicasa.com\/es\/producto\/nombre-de-la-vela\/\" \/>\n<meta property=\"og:locale\" content=\"es_ES\" \/>\n<meta property=\"og:type\" content=\"article\" \/>\n<meta property=\"og:title\" content=\"PLACER - Transformando mi casa\" \/>\n<meta property=\"og:description\" content=\"AROMA : Fresa con Nata Fragancia 100 % natural inspirada en la dulzura jugosa de las fresas maduras y la suavidad cremosa de la nata reci\u00e9n montada. Esta esencia combina notas altas afrutadas y frescas con un coraz\u00f3n dulce y envolvente, evocando sensaciones de alegr\u00eda, calidez y confort. Especialmente formulada para wax melts de cera &hellip; PLACERLeer m\u00e1s\" \/>\n<meta property=\"og:url\" content=\"https:\/\/www.transformandomicasa.com\/es\/producto\/nombre-de-la-vela\/\" \/>\n<meta property=\"og:site_name\" content=\"Transformando mi casa\" \/>\n<meta property=\"article:modified_time\" content=\"2026-04-16T10:02:25+00:00\" \/>\n<meta property=\"og:image\" content=\"https:\/\/www.transformandomicasa.com\/wp-content\/uploads\/2026\/03\/wax.png\" \/>\n\t<meta property=\"og:image:width\" content=\"450\" \/>\n\t<meta property=\"og:image:height\" content=\"750\" \/>\n\t<meta property=\"og:image:type\" content=\"image\/png\" \/>\n<meta name=\"twitter:card\" content=\"summary_large_image\" \/>\n<meta name=\"twitter:label1\" content=\"Tiempo de lectura\" \/>\n\t<meta name=\"twitter:data1\" content=\"1 minuto\" \/>\n<script type=\"application\/ld+json\" class=\"yoast-schema-graph\">{\"@context\":\"https:\\\/\\\/schema.org\",\"@graph\":[{\"@type\":\"WebPage\",\"@id\":\"https:\\\/\\\/www.transformandomicasa.com\\\/producto\\\/nombre-de-la-vela\\\/\",\"url\":\"https:\\\/\\\/www.transformandomicasa.com\\\/producto\\\/nombre-de-la-vela\\\/\",\"name\":\"PLACER - Transformando mi casa\",\"isPartOf\":{\"@id\":\"https:\\\/\\\/www.transformandomicasa.com\\\/#website\"},\"primaryImageOfPage\":{\"@id\":\"https:\\\/\\\/www.transformandomicasa.com\\\/producto\\\/nombre-de-la-vela\\\/#primaryimage\"},\"image\":{\"@id\":\"https:\\\/\\\/www.transformandomicasa.com\\\/producto\\\/nombre-de-la-vela\\\/#primaryimage\"},\"thumbnailUrl\":\"https:\\\/\\\/www.transformandomicasa.com\\\/wp-content\\\/uploads\\\/2026\\\/03\\\/wax.png\",\"datePublished\":\"2026-04-09T08:52:18+00:00\",\"dateModified\":\"2026-04-16T10:02:25+00:00\",\"breadcrumb\":{\"@id\":\"https:\\\/\\\/www.transformandomicasa.com\\\/producto\\\/nombre-de-la-vela\\\/#breadcrumb\"},\"inLanguage\":\"es\",\"potentialAction\":[{\"@type\":\"ReadAction\",\"target\":[\"https:\\\/\\\/www.transformandomicasa.com\\\/producto\\\/nombre-de-la-vela\\\/\"]}]},{\"@type\":\"ImageObject\",\"inLanguage\":\"es\",\"@id\":\"https:\\\/\\\/www.transformandomicasa.com\\\/producto\\\/nombre-de-la-vela\\\/#primaryimage\",\"url\":\"https:\\\/\\\/www.transformandomicasa.com\\\/wp-content\\\/uploads\\\/2026\\\/03\\\/wax.png\",\"contentUrl\":\"https:\\\/\\\/www.transformandomicasa.com\\\/wp-content\\\/uploads\\\/2026\\\/03\\\/wax.png\",\"width\":450,\"height\":750},{\"@type\":\"BreadcrumbList\",\"@id\":\"https:\\\/\\\/www.transformandomicasa.com\\\/producto\\\/nombre-de-la-vela\\\/#breadcrumb\",\"itemListElement\":[{\"@type\":\"ListItem\",\"position\":1,\"name\":\"Portada\",\"item\":\"https:\\\/\\\/www.transformandomicasa.com\\\/\"},{\"@type\":\"ListItem\",\"position\":2,\"name\":\"Tienda\",\"item\":\"https:\\\/\\\/www.transformandomicasa.com\\\/tienda\\\/\"},{\"@type\":\"ListItem\",\"position\":3,\"name\":\"PLACER\"}]},{\"@type\":\"WebSite\",\"@id\":\"https:\\\/\\\/www.transformandomicasa.com\\\/#website\",\"url\":\"https:\\\/\\\/www.transformandomicasa.com\\\/\",\"name\":\"Transformando mi casa\",\"description\":\"Tienda Online Velas Arom\u00e1ticas\",\"publisher\":{\"@id\":\"https:\\\/\\\/www.transformandomicasa.com\\\/#organization\"},\"potentialAction\":[{\"@type\":\"SearchAction\",\"target\":{\"@type\":\"EntryPoint\",\"urlTemplate\":\"https:\\\/\\\/www.transformandomicasa.com\\\/?s={search_term_string}\"},\"query-input\":{\"@type\":\"PropertyValueSpecification\",\"valueRequired\":true,\"valueName\":\"search_term_string\"}}],\"inLanguage\":\"es\"},{\"@type\":\"Organization\",\"@id\":\"https:\\\/\\\/www.transformandomicasa.com\\\/#organization\",\"name\":\"Transformando mi casa\",\"url\":\"https:\\\/\\\/www.transformandomicasa.com\\\/\",\"logo\":{\"@type\":\"ImageObject\",\"inLanguage\":\"es\",\"@id\":\"https:\\\/\\\/www.transformandomicasa.com\\\/#\\\/schema\\\/logo\\\/image\\\/\",\"url\":\"\",\"contentUrl\":\"\",\"caption\":\"Transformando mi casa\"},\"image\":{\"@id\":\"https:\\\/\\\/www.transformandomicasa.com\\\/#\\\/schema\\\/logo\\\/image\\\/\"}}]}<\/script>\n<!-- \/ Yoast SEO plugin. -->","yoast_head_json":{"title":"PLACER - Transformando mi casa","robots":{"index":"index","follow":"follow","max-snippet":"max-snippet:-1","max-image-preview":"max-image-preview:large","max-video-preview":"max-video-preview:-1"},"canonical":"https:\/\/www.transformandomicasa.com\/es\/producto\/nombre-de-la-vela\/","og_locale":"es_ES","og_type":"article","og_title":"PLACER - Transformando mi casa","og_description":"AROMA : Fresa con Nata Fragancia 100 % natural inspirada en la dulzura jugosa de las fresas maduras y la suavidad cremosa de la nata reci\u00e9n montada. Esta esencia combina notas altas afrutadas y frescas con un coraz\u00f3n dulce y envolvente, evocando sensaciones de alegr\u00eda, calidez y confort. Especialmente formulada para wax melts de cera &hellip; PLACERLeer m\u00e1s","og_url":"https:\/\/www.transformandomicasa.com\/es\/producto\/nombre-de-la-vela\/","og_site_name":"Transformando mi casa","article_modified_time":"2026-04-16T10:02:25+00:00","og_image":[{"width":450,"height":750,"url":"https:\/\/www.transformandomicasa.com\/wp-content\/uploads\/2026\/03\/wax.png","type":"image\/png"}],"twitter_card":"summary_large_image","twitter_misc":{"Tiempo de lectura":"1 minuto"},"schema":{"@context":"https:\/\/schema.org","@graph":[{"@type":"WebPage","@id":"https:\/\/www.transformandomicasa.com\/producto\/nombre-de-la-vela\/","url":"https:\/\/www.transformandomicasa.com\/producto\/nombre-de-la-vela\/","name":"PLACER - Transformando mi casa","isPartOf":{"@id":"https:\/\/www.transformandomicasa.com\/#website"},"primaryImageOfPage":{"@id":"https:\/\/www.transformandomicasa.com\/producto\/nombre-de-la-vela\/#primaryimage"},"image":{"@id":"https:\/\/www.transformandomicasa.com\/producto\/nombre-de-la-vela\/#primaryimage"},"thumbnailUrl":"https:\/\/www.transformandomicasa.com\/wp-content\/uploads\/2026\/03\/wax.png","datePublished":"2026-04-09T08:52:18+00:00","dateModified":"2026-04-16T10:02:25+00:00","breadcrumb":{"@id":"https:\/\/www.transformandomicasa.com\/producto\/nombre-de-la-vela\/#breadcrumb"},"inLanguage":"es","potentialAction":[{"@type":"ReadAction","target":["https:\/\/www.transformandomicasa.com\/producto\/nombre-de-la-vela\/"]}]},{"@type":"ImageObject","inLanguage":"es","@id":"https:\/\/www.transformandomicasa.com\/producto\/nombre-de-la-vela\/#primaryimage","url":"https:\/\/www.transformandomicasa.com\/wp-content\/uploads\/2026\/03\/wax.png","contentUrl":"https:\/\/www.transformandomicasa.com\/wp-content\/uploads\/2026\/03\/wax.png","width":450,"height":750},{"@type":"BreadcrumbList","@id":"https:\/\/www.transformandomicasa.com\/producto\/nombre-de-la-vela\/#breadcrumb","itemListElement":[{"@type":"ListItem","position":1,"name":"Portada","item":"https:\/\/www.transformandomicasa.com\/"},{"@type":"ListItem","position":2,"name":"Tienda","item":"https:\/\/www.transformandomicasa.com\/tienda\/"},{"@type":"ListItem","position":3,"name":"PLACER"}]},{"@type":"WebSite","@id":"https:\/\/www.transformandomicasa.com\/#website","url":"https:\/\/www.transformandomicasa.com\/","name":"Transformando mi casa","description":"Tienda Online Velas Arom\u00e1ticas","publisher":{"@id":"https:\/\/www.transformandomicasa.com\/#organization"},"potentialAction":[{"@type":"SearchAction","target":{"@type":"EntryPoint","urlTemplate":"https:\/\/www.transformandomicasa.com\/?s={search_term_string}"},"query-input":{"@type":"PropertyValueSpecification","valueRequired":true,"valueName":"search_term_string"}}],"inLanguage":"es"},{"@type":"Organization","@id":"https:\/\/www.transformandomicasa.com\/#organization","name":"Transformando mi casa","url":"https:\/\/www.transformandomicasa.com\/","logo":{"@type":"ImageObject","inLanguage":"es","@id":"https:\/\/www.transformandomicasa.com\/#\/schema\/logo\/image\/","url":"","contentUrl":"","caption":"Transformando mi casa"},"image":{"@id":"https:\/\/www.transformandomicasa.com\/#\/schema\/logo\/image\/"}}]}},"_links":{"self":[{"href":"https:\/\/www.transformandomicasa.com\/es\/wp-json\/wp\/v2\/product\/4007","targetHints":{"allow":["GET"]}}],"collection":[{"href":"https:\/\/www.transformandomicasa.com\/es\/wp-json\/wp\/v2\/product"}],"about":[{"href":"https:\/\/www.transformandomicasa.com\/es\/wp-json\/wp\/v2\/types\/product"}],"wp:featuredmedia":[{"embeddable":true,"href":"https:\/\/www.transformandomicasa.com\/es\/wp-json\/wp\/v2\/media\/3959"}],"wp:attachment":[{"href":"https:\/\/www.transformandomicasa.com\/es\/wp-json\/wp\/v2\/media?parent=4007"}],"wp:term":[{"taxonomy":"product_brand","embeddable":true,"href":"https:\/\/www.transformandomicasa.com\/es\/wp-json\/wp\/v2\/product_brand?post=4007"},{"taxonomy":"product_cat","embeddable":true,"href":"https:\/\/www.transformandomicasa.com\/es\/wp-json\/wp\/v2\/product_cat?post=4007"},{"taxonomy":"product_tag","embeddable":true,"href":"https:\/\/www.transformandomicasa.com\/es\/wp-json\/wp\/v2\/product_tag?post=4007"}],"curies":[{"name":"wp","href":"https:\/\/api.w.org\/{rel}","templated":true}]}}